{"id":99,"date":"2017-04-30T12:12:17","date_gmt":"2017-04-30T10:12:17","guid":{"rendered":"http:\/\/senioren-hilfe.berlin\/?page_id=99"},"modified":"2017-05-07T21:51:10","modified_gmt":"2017-05-07T19:51:10","slug":"leistungen","status":"publish","type":"page","link":"https:\/\/senioren-hilfe.berlin\/?page_id=99","title":{"rendered":"Leistungen"},"content":{"rendered":"<h2>Ich begleite Sie<\/h2>\n<p>&#8211;\u00a0bei Arztbesuchen, zur Fu\u00dfpflege und zum Friseur<\/p>\n<p>&#8211; vor, w\u00e4hrend und nach Krankenhausaufenthalten<\/p>\n<p>&#8211; bei einem Spaziergang oder in Ihr Lieblingslokal<\/p>\n<p>&#8211; beim\u00a0Besuch Ihrer Freundschaften<\/p>\n<p>&#8211;\u00a0beim\u00a0Friedhofsbesuch<\/p>\n<p>&#8211; auf Ausfl\u00fcgen<\/p>\n<h2>Ich unterst\u00fctze Sie im Tagesablauf<\/h2>\n<p>&#8211; bei der Erledigung des Einkaufs<\/p>\n<p>&#8211; bei der Organisation der Formalien<\/p>\n<p>&#8211; bei der Haushaltsorganisation<\/p>\n<p>&#8211; bei der Beantragung von Pflegegraden<\/p>\n<p>&#8211; bei technischen Fragen<\/p>\n<h2>Ich achte auf<\/h2>\n<p>&#8211; Gesundheit, Bewegung und Lebensfreude<\/p>\n<p>Gemeinsam finden wir f\u00fcr Sie einen passenden Zeitrahmen nach Ihren individuellen Bed\u00fcrfnissen. Sollten Sie weitere Anregungen oder W\u00fcnsche haben, lassen Sie uns dar\u00fcber sprechen.<\/p>\n<p><a href=\"https:\/\/senioren-hilfe.berlin\/wp-content\/uploads\/2017\/05\/Flyer-Janine-Engelmann.pdf\">Meinen Flyer\u00a0als Download finden Sie hier.<\/a><\/p>\n","protected":false},"excerpt":{"rendered":"<p>Ich begleite Sie &#8211;\u00a0bei Arztbesuchen, zur Fu\u00dfpflege und zum Friseur &#8211; vor, w\u00e4hrend und nach Krankenhausaufenthalten &#8211; bei einem Spaziergang oder in Ihr Lieblingslokal &#8211; beim\u00a0Besuch Ihrer Freundschaften &#8211;\u00a0beim\u00a0Friedhofsbesuch &#8211; auf Ausfl\u00fcgen Ich unterst\u00fctze Sie im Tagesablauf &#8211; bei der Erledigung des Einkaufs &#8211; bei der Organisation der Formalien &#8211; bei der Haushaltsorganisation &#8211; bei &hellip; <\/p>\n<p class=\"link-more\"><a href=\"https:\/\/senioren-hilfe.berlin\/?page_id=99\" class=\"more-link\"><span class=\"screen-reader-text\">\u201eLeistungen\u201c<\/span> weiterlesen<\/a><\/p>\n","protected":false},"author":1,"featured_media":100,"parent":0,"menu_order":0,"comment_status":"closed","ping_status":"closed","template":"","meta":{"footnotes":""},"class_list":["post-99","page","type-page","status-publish","has-post-thumbnail","hentry"],"_links":{"self":[{"href":"https:\/\/senioren-hilfe.berlin\/index.php?rest_route=\/wp\/v2\/pages\/99","targetHints":{"allow":["GET"]}}],"collection":[{"href":"https:\/\/senioren-hilfe.berlin\/index.php?rest_route=\/wp\/v2\/pages"}],"about":[{"href":"https:\/\/senioren-hilfe.berlin\/index.php?rest_route=\/wp\/v2\/types\/page"}],"author":[{"embeddable":true,"href":"https:\/\/senioren-hilfe.berlin\/index.php?rest_route=\/wp\/v2\/users\/1"}],"replies":[{"embeddable":true,"href":"https:\/\/senioren-hilfe.berlin\/index.php?rest_route=%2Fwp%2Fv2%2Fcomments&post=99"}],"version-history":[{"count":4,"href":"https:\/\/senioren-hilfe.berlin\/index.php?rest_route=\/wp\/v2\/pages\/99\/revisions"}],"predecessor-version":[{"id":151,"href":"https:\/\/senioren-hilfe.berlin\/index.php?rest_route=\/wp\/v2\/pages\/99\/revisions\/151"}],"wp:featuredmedia":[{"embeddable":true,"href":"https:\/\/senioren-hilfe.berlin\/index.php?rest_route=\/wp\/v2\/media\/100"}],"wp:attachment":[{"href":"https:\/\/senioren-hilfe.berlin\/index.php?rest_route=%2Fwp%2Fv2%2Fmedia&parent=99"}],"curies":[{"name":"wp","href":"https:\/\/api.w.org\/{rel}","templated":true}]}}