{"id":89,"date":"2017-04-30T12:00:34","date_gmt":"2017-04-30T10:00:34","guid":{"rendered":"http:\/\/senioren-hilfe.berlin\/?page_id=89"},"modified":"2025-06-19T16:17:01","modified_gmt":"2025-06-19T14:17:01","slug":"konditionen","status":"publish","type":"page","link":"https:\/\/senioren-hilfe.berlin\/?page_id=89","title":{"rendered":"Konditionen"},"content":{"rendered":"<h2>Die \u00a0Preise sollen Ihnen eine Orientierung bieten und sind unverbindlich.<\/h2>\n<p>Erstgespr\u00e4ch: kostenlos<br \/>\nHonorar auf Stundenbasis: ab 38,00 \u20ac &#8211; umsatzsteuerbefreite Dienstleistung gem. \u00a7 4 Nr. 16 UStG.<br \/>\nAnfahrtspauschale 5,00 \u20ac; Kilometerpauschale: 0,80 \u20ac pro Kilometer<\/p>\n<p>Ich freue mich auf Ihren Anruf und ein erstes, unverbindliches Gespr\u00e4ch, damit wir gemeinsam die M\u00f6glichkeiten und Inhalte meiner Arbeit besprechen k\u00f6nnen.<\/p>\n<h2>Pflegeleistungen steuerlich absetzen<\/h2>\n<p>Es besteht die M\u00f6glichkeit, meine Leistungen auf Basis des\u00a0\u00a7 35 a EStG geltend zu machen \u2013 wenn verschiedene Voraussetzungen erf\u00fcllt sind.<\/p>\n<p>Die Leistungen\u00a0k\u00f6nnen steuerlich geltend gemacht werden, wenn sie von einem selbstst\u00e4ndigen Dienstleister &#8211; wie der Senioren-Assistenz Janine Engelmann durchgef\u00fchrt werden. Im Idealfall k\u00f6nnen bis zu 20% der Aufwendungen (max. 4.000,00 \u20ac j\u00e4hrlich) von der Einkommensteuer abgezogen werden.<\/p>\n<p>Voraussetzung ist, dass s\u00e4mtliche Rechnungen f\u00fcr diese Leistungen per \u00dcberweisung bezahlt werden.<\/p>\n<p>Ich berate Sie gerne zu diesem Thema.<\/p>\n<h2>Verhinderungspflege &#8211; wenn die pflegende Person eine Auszeit braucht<\/h2>\n<p>Pflegen und\/oder unterst\u00fctzen Sie einen hilfebed\u00fcrftigen Angeh\u00f6rigen oder eine pflegebed\u00fcrftige Person in ihrer h\u00e4uslichen Umgebung?<\/p>\n<p>Es gibt die M\u00f6glichkeit, vor\u00fcbergehend (z. B. bei Urlaub oder Krankheit) eine sogenannte Verhinderungspflege zu beantragen.<br \/>\nAb dem 01.07.2025 steht f\u00fcr die Verhinderungspflege und die Kurzzeitpflege ein gemeinsamer Jahresbetrag in H\u00f6he von 3.539,00 \u20ac zur Verf\u00fcgung (max. bis zu 8 Wochen pro Kalenderjahr f\u00fcr Versicherte mit den Pflegegraden 2 &#8211; 5). Dadurch wird die Inanspruchnahme beider Pflegeformen flexibler und unkomplizierter.<\/p>\n<p>Diese stundenweise Verhinderungspflege \u00fcbernehme ich gerne f\u00fcr Sie und helfe Ihnen auch bei den Formalit\u00e4ten \u2013 damit Sie unbesorgt durchatmen k\u00f6nnen.<\/p>\n<p><a href=\"https:\/\/senioren-hilfe.berlin\/wp-content\/uploads\/2017\/05\/Flyer-Janine-Engelmann.pdf\">Meinen Flyer als Download finden Sie hier.<\/a><\/p>\n","protected":false},"excerpt":{"rendered":"<p>Die \u00a0Preise sollen Ihnen eine Orientierung bieten und sind unverbindlich. Erstgespr\u00e4ch: kostenlos Honorar auf Stundenbasis: ab 38,00 \u20ac &#8211; umsatzsteuerbefreite Dienstleistung gem. \u00a7 4 Nr. 16 UStG. Anfahrtspauschale 5,00 \u20ac; Kilometerpauschale: 0,80 \u20ac pro Kilometer Ich freue mich auf Ihren Anruf und ein erstes, unverbindliches Gespr\u00e4ch, damit wir gemeinsam die M\u00f6glichkeiten und Inhalte meiner Arbeit &hellip; <\/p>\n<p class=\"link-more\"><a href=\"https:\/\/senioren-hilfe.berlin\/?page_id=89\" class=\"more-link\"><span class=\"screen-reader-text\">\u201eKonditionen\u201c<\/span> weiterlesen<\/a><\/p>\n","protected":false},"author":1,"featured_media":90,"parent":0,"menu_order":0,"comment_status":"closed","ping_status":"closed","template":"","meta":{"footnotes":""},"class_list":["post-89","page","type-page","status-publish","has-post-thumbnail","hentry"],"_links":{"self":[{"href":"https:\/\/senioren-hilfe.berlin\/index.php?rest_route=\/wp\/v2\/pages\/89","targetHints":{"allow":["GET"]}}],"collection":[{"href":"https:\/\/senioren-hilfe.berlin\/index.php?rest_route=\/wp\/v2\/pages"}],"about":[{"href":"https:\/\/senioren-hilfe.berlin\/index.php?rest_route=\/wp\/v2\/types\/page"}],"author":[{"embeddable":true,"href":"https:\/\/senioren-hilfe.berlin\/index.php?rest_route=\/wp\/v2\/users\/1"}],"replies":[{"embeddable":true,"href":"https:\/\/senioren-hilfe.berlin\/index.php?rest_route=%2Fwp%2Fv2%2Fcomments&post=89"}],"version-history":[{"count":22,"href":"https:\/\/senioren-hilfe.berlin\/index.php?rest_route=\/wp\/v2\/pages\/89\/revisions"}],"predecessor-version":[{"id":649,"href":"https:\/\/senioren-hilfe.berlin\/index.php?rest_route=\/wp\/v2\/pages\/89\/revisions\/649"}],"wp:featuredmedia":[{"embeddable":true,"href":"https:\/\/senioren-hilfe.berlin\/index.php?rest_route=\/wp\/v2\/media\/90"}],"wp:attachment":[{"href":"https:\/\/senioren-hilfe.berlin\/index.php?rest_route=%2Fwp%2Fv2%2Fmedia&parent=89"}],"curies":[{"name":"wp","href":"https:\/\/api.w.org\/{rel}","templated":true}]}}