{"id":26,"date":"2017-04-15T17:49:12","date_gmt":"2017-04-15T15:49:12","guid":{"rendered":"http:\/\/senioren-hilfe.berlin\/?page_id=26"},"modified":"2017-05-07T21:50:29","modified_gmt":"2017-05-07T19:50:29","slug":"ueber-mich","status":"publish","type":"page","link":"https:\/\/senioren-hilfe.berlin\/?page_id=26","title":{"rendered":"\u00dcber mich"},"content":{"rendered":"<h1>Ich bin Ihre helfende Hand!<\/h1>\n<p>Ich stehe mit viel Lebensfreude in der Mitte des Lebens. Als Rechtsanwalts- und Notarfachangestellte war ich viele Jahre in verschiedenen Anwaltskanzleien t\u00e4tig. Mit der Zertifizierung als Senioren-Assistentin nach dem Pl\u00f6ner Modell habe ich mir einen Wunsch erf\u00fcllt.<\/p>\n<p>Die Arbeit als Senioren-Assistentin empfinde ich als absolute Bereicherung.<\/p>\n<p>Mit viel Zeit, Zuwendung und Spa\u00df unterst\u00fctze ich Sie dabei, Ihren jetzigen Lebensabschnitt in vollen Z\u00fcgen und selbstbestimmt genie\u00dfen zu k\u00f6nnen.<\/p>\n<p>Ich begleite Sie durch den Alltag, helfe bei Organisatorischem und unterst\u00fctze das allgemeine Wohlbefinden, damit Sie so lange wie m\u00f6glich in Ihrer vertrauten Umgebung bleiben k\u00f6nnen.<\/p>\n<p><a href=\"https:\/\/senioren-hilfe.berlin\/wp-content\/uploads\/2017\/05\/Flyer-Janine-Engelmann.pdf\">Meinen Flyer als Download finden Sie hier.<\/a><\/p>\n","protected":false},"excerpt":{"rendered":"<p>Ich bin Ihre helfende Hand! Ich stehe mit viel Lebensfreude in der Mitte des Lebens. Als Rechtsanwalts- und Notarfachangestellte war ich viele Jahre in verschiedenen Anwaltskanzleien t\u00e4tig. Mit der Zertifizierung als Senioren-Assistentin nach dem Pl\u00f6ner Modell habe ich mir einen Wunsch erf\u00fcllt. Die Arbeit als Senioren-Assistentin empfinde ich als absolute Bereicherung. Mit viel Zeit, Zuwendung &hellip; <\/p>\n<p class=\"link-more\"><a href=\"https:\/\/senioren-hilfe.berlin\/?page_id=26\" class=\"more-link\"><span class=\"screen-reader-text\">\u201e\u00dcber mich\u201c<\/span> weiterlesen<\/a><\/p>\n","protected":false},"author":1,"featured_media":75,"parent":0,"menu_order":0,"comment_status":"closed","ping_status":"closed","template":"","meta":{"footnotes":""},"class_list":["post-26","page","type-page","status-publish","has-post-thumbnail","hentry"],"_links":{"self":[{"href":"https:\/\/senioren-hilfe.berlin\/index.php?rest_route=\/wp\/v2\/pages\/26","targetHints":{"allow":["GET"]}}],"collection":[{"href":"https:\/\/senioren-hilfe.berlin\/index.php?rest_route=\/wp\/v2\/pages"}],"about":[{"href":"https:\/\/senioren-hilfe.berlin\/index.php?rest_route=\/wp\/v2\/types\/page"}],"author":[{"embeddable":true,"href":"https:\/\/senioren-hilfe.berlin\/index.php?rest_route=\/wp\/v2\/users\/1"}],"replies":[{"embeddable":true,"href":"https:\/\/senioren-hilfe.berlin\/index.php?rest_route=%2Fwp%2Fv2%2Fcomments&post=26"}],"version-history":[{"count":7,"href":"https:\/\/senioren-hilfe.berlin\/index.php?rest_route=\/wp\/v2\/pages\/26\/revisions"}],"predecessor-version":[{"id":150,"href":"https:\/\/senioren-hilfe.berlin\/index.php?rest_route=\/wp\/v2\/pages\/26\/revisions\/150"}],"wp:featuredmedia":[{"embeddable":true,"href":"https:\/\/senioren-hilfe.berlin\/index.php?rest_route=\/wp\/v2\/media\/75"}],"wp:attachment":[{"href":"https:\/\/senioren-hilfe.berlin\/index.php?rest_route=%2Fwp%2Fv2%2Fmedia&parent=26"}],"curies":[{"name":"wp","href":"https:\/\/api.w.org\/{rel}","templated":true}]}}