{"id":25,"date":"2017-04-15T17:49:12","date_gmt":"2017-04-15T15:49:12","guid":{"rendered":"http:\/\/senioren-hilfe.berlin\/?page_id=25"},"modified":"2019-03-02T05:22:16","modified_gmt":"2019-03-02T04:22:16","slug":"startseite","status":"publish","type":"page","link":"https:\/\/senioren-hilfe.berlin\/","title":{"rendered":"Home"},"content":{"rendered":"<h1>Ihre W\u00fcnsche und Bed\u00fcrfnisse stehen im Mittelpunkt!<\/h1>\n<p>Unsere Eltern und Gro\u00dfeltern haben sich ein Leben lang um uns gek\u00fcmmert. Durch unsere gesellschaftlichen und beruflichen Verpflichtungen haben wir leider oft wenig Zeit f\u00fcr sie. Gemeinsam k\u00f6nnen wir es schaffen, verbliebene Tr\u00e4ume und W\u00fcnsche Wirklichkeit werden zu lassen.<\/p>\n<p>Ich freue mich auf Sie!<\/p>\n<p>&#8222;Es geht nicht darum, dem Leben mehr Tage zu geben, sondern den Tagen mehr Leben!&#8220; \u00a0 \u00a0 \u00a0&#8211; Cicely Saunders &#8211;<\/p>\n<p>&nbsp;<\/p>\n","protected":false},"excerpt":{"rendered":"<p>Ihre W\u00fcnsche und Bed\u00fcrfnisse stehen im Mittelpunkt! Unsere Eltern und Gro\u00dfeltern haben sich ein Leben lang um uns gek\u00fcmmert. Durch unsere gesellschaftlichen und beruflichen Verpflichtungen haben wir leider oft wenig Zeit f\u00fcr sie. Gemeinsam k\u00f6nnen wir es schaffen, verbliebene Tr\u00e4ume und W\u00fcnsche Wirklichkeit werden zu lassen. Ich freue mich auf Sie! &#8222;Es geht nicht darum, &hellip; <\/p>\n<p class=\"link-more\"><a href=\"https:\/\/senioren-hilfe.berlin\/\" class=\"more-link\"><span class=\"screen-reader-text\">\u201eHome\u201c<\/span> weiterlesen<\/a><\/p>\n","protected":false},"author":1,"featured_media":77,"parent":0,"menu_order":0,"comment_status":"closed","ping_status":"closed","template":"","meta":{"footnotes":""},"class_list":["post-25","page","type-page","status-publish","has-post-thumbnail","hentry"],"_links":{"self":[{"href":"https:\/\/senioren-hilfe.berlin\/index.php?rest_route=\/wp\/v2\/pages\/25","targetHints":{"allow":["GET"]}}],"collection":[{"href":"https:\/\/senioren-hilfe.berlin\/index.php?rest_route=\/wp\/v2\/pages"}],"about":[{"href":"https:\/\/senioren-hilfe.berlin\/index.php?rest_route=\/wp\/v2\/types\/page"}],"author":[{"embeddable":true,"href":"https:\/\/senioren-hilfe.berlin\/index.php?rest_route=\/wp\/v2\/users\/1"}],"replies":[{"embeddable":true,"href":"https:\/\/senioren-hilfe.berlin\/index.php?rest_route=%2Fwp%2Fv2%2Fcomments&post=25"}],"version-history":[{"count":11,"href":"https:\/\/senioren-hilfe.berlin\/index.php?rest_route=\/wp\/v2\/pages\/25\/revisions"}],"predecessor-version":[{"id":618,"href":"https:\/\/senioren-hilfe.berlin\/index.php?rest_route=\/wp\/v2\/pages\/25\/revisions\/618"}],"wp:featuredmedia":[{"embeddable":true,"href":"https:\/\/senioren-hilfe.berlin\/index.php?rest_route=\/wp\/v2\/media\/77"}],"wp:attachment":[{"href":"https:\/\/senioren-hilfe.berlin\/index.php?rest_route=%2Fwp%2Fv2%2Fmedia&parent=25"}],"curies":[{"name":"wp","href":"https:\/\/api.w.org\/{rel}","templated":true}]}}